{"id":14696,"date":"2023-03-13T12:46:16","date_gmt":"2023-03-13T12:46:16","guid":{"rendered":"https:\/\/sanatorija.lt\/druskininkai\/naujienos\/"},"modified":"2024-02-23T14:25:41","modified_gmt":"2024-02-23T14:25:41","slug":"naujienos","status":"publish","type":"page","link":"https:\/\/sanatorija.lt\/en\/druskininkai\/naujienos\/","title":{"rendered":"News"},"content":{"rendered":"\n                <div class=\"posts posts--full-list\">\n                    \n                    <div class=\"posts__container\">\n                        \n                            <div class=\"posts__item\">\n                                <a href=\"https:\/\/sanatorija.lt\/en\/take-care-of-yourself-today-enjoy-good-health-tomorrow\/\">\n                                    <div class=\"posts__item-image\">\n                                        <div class=\"posts__image\">\n                                            <img loading=\"lazy\" decoding=\"async\" width=\"800\" height=\"553\" src=\"https:\/\/sanatorija.lt\/app\/uploads\/2026\/01\/DS_2625-2037-x-1409-800x553.jpg\" class=\"attachment-tandemum-large size-tandemum-large wp-post-image\" alt=\"\" \/>                                        <\/div>\n                                    <\/div>\n\n                                    <h5 class=\"posts__item-title\">Take care of yourself today \u2013 enjoy good health tomorrow!<\/h5>\n\n                                    <div class=\"posts__item-excerpt\">\n                                        <p><!-- wp:paragraph --><\/p>\n<p>The most valuable asset we possess is our health, which we can strengthen through daily decisions. However, in order for tomorrow to be easy, full of energy and health, you need to stop, take a deep breath and dedicate time to yourself. That is why Medical SPA Egl\u0117s Sanatorija encourages you not only to dream about getting healthy, but also to <strong>plan it wisely<\/strong>. Make a decision today about your future holiday or medical spa treatment and take advantage of the <strong>SPECIAL ADVANCE BOOKING OFFER FOR GUESTS STAYING AT THE MEDICAL SPA<\/strong> \u2013 it is an investment in your well-being, health, and inner balance.<\/p>\n<p><!-- \/wp:paragraph --><\/p>\n                                    <\/div>\n\n                                    <div class=\"posts__item-excerpt posts__item-excerpt--mobile\">\n                                        Sveikata \u2013 did\u017eiausias turtas, kur\u012f galime puosel\u0117ti kasdieniais savo pasirinkimais. Ta\u010diau tam, kad rytojus b\u016bt\u0173 lengvas, kupinas energijos ir geros savijautos, reikia sustoti, atsikv\u0117pti ir skirti laiko sau. B\u016btent tod\u0117l \u201eEgl\u0117s sanatorija\u201c kvie\u010dia ne tik svajoti apie sveikatinim\u0105si, bet ir planuoti j\u012f i\u0161mintingai. Jau \u0161iandien apsispr\u0119skite d\u0117l poilsio ar sanatorinio gydymo ateityje ir pasinaudokite SPECIALIU I\u0160ANKSTINIO U\u017dSAKYMO PASI\u016aLYMU SANATORIJOJE VIE\u0160INTIEMS SVE\u010cIAMS \u2013 tai investicija \u012f j\u016bs\u0173 savijaut\u0105, sveikat\u0105 ir vidin\u0119 pusiausvyr\u0105.                                    <\/div>\n                                <\/a>\n                            <\/div>\n\n                            \n                            <div class=\"posts__item\">\n                                <a href=\"https:\/\/sanatorija.lt\/en\/lietuva-suzibejo-pasauliniame-sveikatos-turizme-iteiktas-prestizinis-apdovanojimas\/\">\n                                    <div class=\"posts__item-image\">\n                                        <div class=\"posts__image\">\n                                            <img loading=\"lazy\" decoding=\"async\" width=\"800\" height=\"533\" src=\"https:\/\/sanatorija.lt\/app\/uploads\/2025\/03\/DS_1052-1999-x-1333-800x533.jpg\" class=\"attachment-tandemum-large size-tandemum-large wp-post-image\" alt=\"\" \/>                                        <\/div>\n                                    <\/div>\n\n                                    <h5 class=\"posts__item-title\">Lithuania shines in global health tourism, winning a prestigious award<\/h5>\n\n                                    <div class=\"posts__item-excerpt\">\n                                        <p>This year, Lithuania continues to strengthen its position in the international tourism arena by winning one of the world\u2019s most important health tourism awards, the ITB Health Tourism Award 2025. This prestigious award is given by ITB Berlin, the world\u2019s largest and most influential global tourism exhibition, which evaluates countries\u2019 achievements in developing health tourism infrastructure, quality of services and international visibility.<\/p>\n<p>&nbsp;<\/p>\n                                    <\/div>\n\n                                    <div class=\"posts__item-excerpt posts__item-excerpt--mobile\">\n                                        Lietuva toliau stiprina savo pozicijas tarptautin\u0117je turizmo arenoje \u2013 \u0161aliai \u012fteiktas vienas svarbiausi\u0173 pasaulyje sveikatos turizmo apdovanojim\u0173 \u201eITB Health Tourism Award 2025\u201c. \u0160\u012f presti\u017ein\u012f \u012fvertinim\u0105 skiria did\u017eiausia ir \u012ftakingiausia pasaulin\u0117 turizmo paroda \u201eITB Berlin\u201c, vertinanti valstybi\u0173 pasiekimus auginant sveikatos turizmo infrastrukt\u016br\u0105, paslaug\u0173 kokyb\u0119 ir tarptautin\u012f matomum\u0105.                                    <\/div>\n                                <\/a>\n                            <\/div>\n\n                            \n                            <div class=\"posts__item\">\n                                <a href=\"https:\/\/sanatorija.lt\/en\/informacija-apie-egles-sanatorijos-rekonstrukcija-druskininkuose\/\">\n                                    <div class=\"posts__item-image\">\n                                        <div class=\"posts__image\">\n                                            <img loading=\"lazy\" decoding=\"async\" width=\"800\" height=\"533\" src=\"https:\/\/sanatorija.lt\/app\/uploads\/2024\/11\/Egles-sanatorija-Druskininkuose-800x533.jpg\" class=\"attachment-tandemum-large size-tandemum-large wp-post-image\" alt=\"\" \/>                                        <\/div>\n                                    <\/div>\n\n                                    <h5 class=\"posts__item-title\">Information regarding the reconstruction of Medical SPA Egl\u0117s sanatorija in Druskininkai<\/h5>\n\n                                    <div class=\"posts__item-excerpt\">\n                                        <p><strong>Medical SPA Egl\u0117s sanatorija in Druskininkai is embarking on a major renovation project to improve the wellness experience of its clients.\u00a0 <\/strong>The modernisation of this largest medical spa in Lithuania will include the establishment of a functional diagnostics laboratory, an expanded range of medical services, innovative procedures, the most advanced medical equipment and new treatment programmes for clients. The Medical SPA will be further adapted to the provision of medical spa treatment and medical services, the space will be optimally used, and a higher level of comfort will be ensured for people with mobility issues. Most importantly, the capacity for medical rehabilitation services and spa treatments will increase by almost a third!<\/p>\n                                    <\/div>\n\n                                    <div class=\"posts__item-excerpt posts__item-excerpt--mobile\">\n                                        \u201eEgl\u0117s sanatorija\u201c Druskininkuose pradeda svarbius rekonstrukcijos darbus, siekdama gerinti klient\u0173 sveikatinimo patirt\u012f. \u00a0Modernizavus \u0161i\u0105 did\u017eiausi\u0105 Lietuvoje sanatorij\u0105, bus \u012fkurta funkcin\u0117s diagnostikos laboratorija, bus i\u0161pl\u0117stas medicinini\u0173 paslaug\u0173 spektras, \u012fdiegtos inovatyvios proced\u016bros, naujausia medicinin\u0117 \u012franga, klientams pasi\u016blytos naujos gydymo programos. Sanatorija bus dar labiau pritaikyta sanatorinio gydymo ir medicinini\u0173 paslaug\u0173 teikimui, optimaliai i\u0161naudotos erdv\u0117s, u\u017etikrintas didesnis komforto lygis jud\u0117jimo problem\u0173 turintiems asmenims. O medicinin\u0117s reabilitacijos paslaug\u0173 ir sanatorinio gydymo proced\u016br\u0173 paj\u0117gumai i\u0161augs beveik tre\u010ddaliu!                                    <\/div>\n                                <\/a>\n                            <\/div>\n\n                            \n                            <div class=\"posts__item\">\n                                <a href=\"https:\/\/sanatorija.lt\/en\/vilniuje-ir-kaune-atidaryti-reabilitacijos-centrai-tes-ilgametes-sveikatinimo-tradicijas\/\">\n                                    <div class=\"posts__item-image\">\n                                        <div class=\"posts__image\">\n                                            <img loading=\"lazy\" decoding=\"async\" width=\"800\" height=\"533\" src=\"https:\/\/sanatorija.lt\/app\/uploads\/2024\/06\/Vertikalios-vonios-baseinas-800x533.jpg\" class=\"attachment-tandemum-large size-tandemum-large wp-post-image\" alt=\"\" \/>                                        <\/div>\n                                    <\/div>\n\n                                    <h5 class=\"posts__item-title\">Rehabilitation centres open in Vilnius and Kaunas to continue long-standing wellness traditions<\/h5>\n\n                                    <div class=\"posts__item-excerpt\">\n                                        <p>Vilniuje, pa\u010dioje miesto arterijoje bei Kauno miesto \u0161irdyje \u0161iais metais duris atv\u0117r\u0117 \u201eEgl\u0117s reabilitacijos centrai\u201c. O ruden\u012f Vilniuje, Core verslo centro komplekse bus atidarytas beveik 1000 kv. m. i\u0161skirtinis reabilitacijos ir sveikatingumo centras. Tai \u201eEgl\u0117s sanatorijos\u201c daugiau kaip 50 met\u0173 sukauptos s\u0117kmingos sanatorinio gydymo ir reabilitacijos patirties sklaida \u012f did\u017eiuosius miestus.<\/p>\n                                    <\/div>\n\n                                    <div class=\"posts__item-excerpt posts__item-excerpt--mobile\">\n                                        Vilniuje, pa\u010dioje miesto arterijoje bei Kauno miesto \u0161irdyje \u0161iais metais duris atv\u0117r\u0117 \u201eEgl\u0117s reabilitacijos centrai\u201c. O ruden\u012f Vilniuje, Core verslo centro komplekse bus atidarytas beveik 1000 kv. m. i\u0161skirtinis reabilitacijos ir sveikatingumo centras. Tai \u201eEgl\u0117s sanatorijos\u201c daugiau kaip 50 met\u0173 sukauptos s\u0117kmingos sanatorinio gydymo ir reabilitacijos patirties sklaida \u012f did\u017eiuosius miestus.                                    <\/div>\n                                <\/a>\n                            <\/div>\n\n                            \n                            <div class=\"posts__item\">\n                                <a href=\"https:\/\/sanatorija.lt\/en\/book-early-and-pay-less\/\">\n                                    <div class=\"posts__item-image\">\n                                        <div class=\"posts__image\">\n                                            <img loading=\"lazy\" decoding=\"async\" width=\"800\" height=\"533\" src=\"https:\/\/sanatorija.lt\/app\/uploads\/gallery\/LRKisJz0gluy6zqg1SyLGPoQkF3j9iJctQdPbSdx-800x533.jpg\" class=\"attachment-tandemum-large size-tandemum-large wp-post-image\" alt=\"\" \/>                                        <\/div>\n                                    <\/div>\n\n                                    <h5 class=\"posts__item-title\">Book early and pay less!<\/h5>\n\n                                    <div class=\"posts__item-excerpt\">\n                                        <p>It is necessary to take care of our health throughout the year. Health experts recommend medical spa treatments 2 times a year. Waiting until your health starts to fail before trying to save it \u2013 is ineffective. Nurture it constantly if you want to continue to have excellent health in the future without too much trouble, time and effort. Secure the best price by planning your wellness holiday in advance. We guarantee the lowest price by booking your arrival at Medical SPA Egl\u0117s sanatorija 3 months or more in advance. The best investment in your health!<\/p>\n                                    <\/div>\n\n                                    <div class=\"posts__item-excerpt posts__item-excerpt--mobile\">\n                                        Savo sveikata r\u016bpintis turime visus metus. Sveikatos specialistai rekomenduoja sanatorin\u012f gydym\u0105 2 kartus per metus. Mat laukti, kol sveikata ims \u0161lubuoti ir tik tada imti j\u0105 gelb\u0117ti \u2013 visai netikslinga. Puosel\u0117kite j\u0105 nuolat, jei norite be didelio vargo, laiko ir pastang\u0173 puikia sveikata d\u017eiaugtis ir ateityje. U\u017esitikrinkite geriausi\u0105 kain\u0105 planuodami savo sveikatingumo atostogas i\u0161 anksto. Rezervuodami atvykim\u0105 \u012f \u201eEgl\u0117s sanatorij\u0105\u201c prie\u0161 3 m\u0117nesius ar daugiau, garantuojame jums ma\u017eiausi\u0105 kain\u0105. Geriausia investicija \u2013 \u012f savo sveikat\u0105!                                    <\/div>\n                                <\/a>\n                            <\/div>\n\n                            \n                            <div class=\"posts__item\">\n                                <a href=\"https:\/\/sanatorija.lt\/en\/treatment-card-on-your-phone\/\">\n                                    <div class=\"posts__item-image\">\n                                        <div class=\"posts__image\">\n                                            <img loading=\"lazy\" decoding=\"async\" width=\"800\" height=\"600\" src=\"https:\/\/sanatorija.lt\/app\/uploads\/2023\/07\/19-800x600.png\" class=\"attachment-tandemum-large size-tandemum-large wp-post-image\" alt=\"\" \/>                                        <\/div>\n                                    <\/div>\n\n                                    <h5 class=\"posts__item-title\">Treatment card \u2013 on your phone!<\/h5>\n\n                                    <div class=\"posts__item-excerpt\">\n                                        <p>We were the first healthcare organization in Lithuania to introduce a mobile app for clients who came to the Medical SPA. You should try it too! After downloading the mobile app of Egl\u0117s sanatorija, you will no longer need to carry a paper treatment card as all the necessary information will be on your smartphone. <\/p>\n                                    <\/div>\n\n                                    <div class=\"posts__item-excerpt posts__item-excerpt--mobile\">\n                                        Sanatorija \u2013 nuolatiniame tobul\u0117jimo procese: \u010dia investuojama \u012f naujausi\u0105 medicinin\u0119 \u012frang\u0105, darbuotoj\u0173 mokymus, inovatyvius sprendimus, pad\u0117sian\u010dius kurti sklandesn\u012f darb\u0105. Mes pirmieji Lietuvoje i\u0161 sveikatinimo organizacij\u0173 pristat\u0117me mobili\u0105j\u0105 program\u0117l\u0119, skirt\u0105 \u012f sanatorij\u0105 atvykusiems klientams. I\u0161bandykite ir j\u016bs!                                    <\/div>\n                                <\/a>\n                            <\/div>\n\n                                                <\/div>\n\n                    \n                    \n            <div class=\"pagination\">\n                <a\n                    href=\"https:\/\/sanatorija.lt\/en\/wp-json\/wp\/v2\/pages\/14696\/\"\n                    class=\"pagination__button pagination__button-prev pagination__button--disabled\"\n                    title=\"Previous results\">\n\n                    <span class=\"pagination__button-icon icon-arrow-large-left\"><\/span>\n                <\/a>\n\n                \n                    <a\n                        href=\"https:\/\/sanatorija.lt\/en\/wp-json\/wp\/v2\/pages\/14696\/\"\n                        class=\"pagination__page-number pagination__page-number--current\">\n                        1                    <\/a>\n\n                    \n                    <a\n                        href=\"https:\/\/sanatorija.lt\/en\/wp-json\/wp\/v2\/pages\/14696\/page\/2\/\"\n                        class=\"pagination__page-number\">\n                        2                    <\/a>\n\n                    \n                <a\n                    href=\"https:\/\/sanatorija.lt\/en\/wp-json\/wp\/v2\/pages\/14696\/page\/2\/\"\n                    class=\"pagination__button pagination__button-next\"\n                    title=\"Next results\">\n\n                    <span class=\"pagination__button-icon icon-arrow-large-right\"><\/span>\n                <\/a>\n            <\/div>\n\n            \n                <\/div>\n\n                ","protected":false},"excerpt":{"rendered":"","protected":false},"author":1,"featured_media":0,"parent":129,"menu_order":18,"comment_status":"closed","ping_status":"closed","template":"template-page-with-header.blade.php","meta":{"_acf_changed":false,"inline_featured_image":false,"footnotes":""},"class_list":["post-14696","page","type-page","status-publish","hentry"],"acf":[],"yoast_head":"<!-- This site is optimized with the Yoast SEO plugin v22.9 - https:\/\/yoast.com\/wordpress\/plugins\/seo\/ -->\n<title>News - Sanatorija<\/title>\n<meta name=\"robots\" content=\"index, follow, max-snippet:-1, max-image-preview:large, max-video-preview:-1\" \/>\n<link rel=\"canonical\" href=\"https:\/\/sanatorija.lt\/en\/druskininkai\/naujienos\/\" \/>\n<meta property=\"og:locale\" content=\"en_US\" \/>\n<meta property=\"og:type\" content=\"article\" \/>\n<meta property=\"og:title\" content=\"News - Sanatorija\" \/>\n<meta property=\"og:url\" content=\"https:\/\/sanatorija.lt\/en\/druskininkai\/naujienos\/\" \/>\n<meta property=\"og:site_name\" content=\"Sanatorija\" \/>\n<meta property=\"article:publisher\" content=\"https:\/\/www.facebook.com\/eglessanatorija\/\" \/>\n<meta property=\"article:modified_time\" content=\"2024-02-23T14:25:41+00:00\" \/>\n<script type=\"application\/ld+json\" class=\"yoast-schema-graph\">{\"@context\":\"https:\/\/schema.org\",\"@graph\":[{\"@type\":\"WebPage\",\"@id\":\"https:\/\/sanatorija.lt\/en\/druskininkai\/naujienos\/\",\"url\":\"https:\/\/sanatorija.lt\/en\/druskininkai\/naujienos\/\",\"name\":\"News - Sanatorija\",\"isPartOf\":{\"@id\":\"https:\/\/sanatorija.lt\/en\/#website\"},\"datePublished\":\"2023-03-13T12:46:16+00:00\",\"dateModified\":\"2024-02-23T14:25:41+00:00\",\"breadcrumb\":{\"@id\":\"https:\/\/sanatorija.lt\/en\/druskininkai\/naujienos\/#breadcrumb\"},\"inLanguage\":\"en-US\",\"potentialAction\":[{\"@type\":\"ReadAction\",\"target\":[\"https:\/\/sanatorija.lt\/en\/druskininkai\/naujienos\/\"]}]},{\"@type\":\"BreadcrumbList\",\"@id\":\"https:\/\/sanatorija.lt\/en\/druskininkai\/naujienos\/#breadcrumb\",\"itemListElement\":[{\"@type\":\"ListItem\",\"position\":1,\"name\":\"Home\",\"item\":\"https:\/\/sanatorija.lt\/en\/\"},{\"@type\":\"ListItem\",\"position\":2,\"name\":\"Druskininkai\",\"item\":\"https:\/\/sanatorija.lt\/en\/druskininkai\/\"},{\"@type\":\"ListItem\",\"position\":3,\"name\":\"News\"}]},{\"@type\":\"WebSite\",\"@id\":\"https:\/\/sanatorija.lt\/en\/#website\",\"url\":\"https:\/\/sanatorija.lt\/en\/\",\"name\":\"Sanatorija\",\"description\":\"Egl\u0117s sanatorija\",\"publisher\":{\"@id\":\"https:\/\/sanatorija.lt\/en\/#organization\"},\"potentialAction\":[{\"@type\":\"SearchAction\",\"target\":{\"@type\":\"EntryPoint\",\"urlTemplate\":\"https:\/\/sanatorija.lt\/en\/?s={search_term_string}\"},\"query-input\":\"required name=search_term_string\"}],\"inLanguage\":\"en-US\"},{\"@type\":\"Organization\",\"@id\":\"https:\/\/sanatorija.lt\/en\/#organization\",\"name\":\"Sanatorija\",\"url\":\"https:\/\/sanatorija.lt\/en\/\",\"logo\":{\"@type\":\"ImageObject\",\"inLanguage\":\"en-US\",\"@id\":\"https:\/\/sanatorija.lt\/en\/#\/schema\/logo\/image\/\",\"url\":\"https:\/\/sanatorija.lt\/app\/uploads\/2023\/03\/main-logo.svg\",\"contentUrl\":\"https:\/\/sanatorija.lt\/app\/uploads\/2023\/03\/main-logo.svg\",\"width\":100,\"height\":81,\"caption\":\"Sanatorija\"},\"image\":{\"@id\":\"https:\/\/sanatorija.lt\/en\/#\/schema\/logo\/image\/\"},\"sameAs\":[\"https:\/\/www.facebook.com\/eglessanatorija\/\",\"https:\/\/lt.linkedin.com\/company\/medical-spa-egles-sanatorija\",\"https:\/\/www.instagram.com\/sanatorija\/\",\"https:\/\/www.youtube.com\/channel\/UC3p2-SDkLF83WXjBZMYXYtQ\"]}]}<\/script>\n<!-- \/ Yoast SEO plugin. -->","yoast_head_json":{"title":"News - Sanatorija","robots":{"index":"index","follow":"follow","max-snippet":"max-snippet:-1","max-image-preview":"max-image-preview:large","max-video-preview":"max-video-preview:-1"},"canonical":"https:\/\/sanatorija.lt\/en\/druskininkai\/naujienos\/","og_locale":"en_US","og_type":"article","og_title":"News - Sanatorija","og_url":"https:\/\/sanatorija.lt\/en\/druskininkai\/naujienos\/","og_site_name":"Sanatorija","article_publisher":"https:\/\/www.facebook.com\/eglessanatorija\/","article_modified_time":"2024-02-23T14:25:41+00:00","schema":{"@context":"https:\/\/schema.org","@graph":[{"@type":"WebPage","@id":"https:\/\/sanatorija.lt\/en\/druskininkai\/naujienos\/","url":"https:\/\/sanatorija.lt\/en\/druskininkai\/naujienos\/","name":"News - Sanatorija","isPartOf":{"@id":"https:\/\/sanatorija.lt\/en\/#website"},"datePublished":"2023-03-13T12:46:16+00:00","dateModified":"2024-02-23T14:25:41+00:00","breadcrumb":{"@id":"https:\/\/sanatorija.lt\/en\/druskininkai\/naujienos\/#breadcrumb"},"inLanguage":"en-US","potentialAction":[{"@type":"ReadAction","target":["https:\/\/sanatorija.lt\/en\/druskininkai\/naujienos\/"]}]},{"@type":"BreadcrumbList","@id":"https:\/\/sanatorija.lt\/en\/druskininkai\/naujienos\/#breadcrumb","itemListElement":[{"@type":"ListItem","position":1,"name":"Home","item":"https:\/\/sanatorija.lt\/en\/"},{"@type":"ListItem","position":2,"name":"Druskininkai","item":"https:\/\/sanatorija.lt\/en\/druskininkai\/"},{"@type":"ListItem","position":3,"name":"News"}]},{"@type":"WebSite","@id":"https:\/\/sanatorija.lt\/en\/#website","url":"https:\/\/sanatorija.lt\/en\/","name":"Sanatorija","description":"Egl\u0117s sanatorija","publisher":{"@id":"https:\/\/sanatorija.lt\/en\/#organization"},"potentialAction":[{"@type":"SearchAction","target":{"@type":"EntryPoint","urlTemplate":"https:\/\/sanatorija.lt\/en\/?s={search_term_string}"},"query-input":"required name=search_term_string"}],"inLanguage":"en-US"},{"@type":"Organization","@id":"https:\/\/sanatorija.lt\/en\/#organization","name":"Sanatorija","url":"https:\/\/sanatorija.lt\/en\/","logo":{"@type":"ImageObject","inLanguage":"en-US","@id":"https:\/\/sanatorija.lt\/en\/#\/schema\/logo\/image\/","url":"https:\/\/sanatorija.lt\/app\/uploads\/2023\/03\/main-logo.svg","contentUrl":"https:\/\/sanatorija.lt\/app\/uploads\/2023\/03\/main-logo.svg","width":100,"height":81,"caption":"Sanatorija"},"image":{"@id":"https:\/\/sanatorija.lt\/en\/#\/schema\/logo\/image\/"},"sameAs":["https:\/\/www.facebook.com\/eglessanatorija\/","https:\/\/lt.linkedin.com\/company\/medical-spa-egles-sanatorija","https:\/\/www.instagram.com\/sanatorija\/","https:\/\/www.youtube.com\/channel\/UC3p2-SDkLF83WXjBZMYXYtQ"]}]}},"_links":{"self":[{"href":"https:\/\/sanatorija.lt\/en\/wp-json\/wp\/v2\/pages\/14696","targetHints":{"allow":["GET"]}}],"collection":[{"href":"https:\/\/sanatorija.lt\/en\/wp-json\/wp\/v2\/pages"}],"about":[{"href":"https:\/\/sanatorija.lt\/en\/wp-json\/wp\/v2\/types\/page"}],"author":[{"embeddable":true,"href":"https:\/\/sanatorija.lt\/en\/wp-json\/wp\/v2\/users\/1"}],"replies":[{"embeddable":true,"href":"https:\/\/sanatorija.lt\/en\/wp-json\/wp\/v2\/comments?post=14696"}],"version-history":[{"count":0,"href":"https:\/\/sanatorija.lt\/en\/wp-json\/wp\/v2\/pages\/14696\/revisions"}],"up":[{"embeddable":true,"href":"https:\/\/sanatorija.lt\/en\/wp-json\/wp\/v2\/pages\/129"}],"wp:attachment":[{"href":"https:\/\/sanatorija.lt\/en\/wp-json\/wp\/v2\/media?parent=14696"}],"curies":[{"name":"wp","href":"https:\/\/api.w.org\/{rel}","templated":true}]}}