{"id":5596,"date":"2023-03-13T12:01:46","date_gmt":"2023-03-13T12:01:46","guid":{"rendered":"https:\/\/sanatorija.lt\/birstonas\/lojalumo-programa\/"},"modified":"2025-04-28T12:11:24","modified_gmt":"2025-04-28T12:11:24","slug":"lojalumo-programa","status":"publish","type":"page","link":"https:\/\/sanatorija.lt\/de\/birstonas\/lojalumo-programa\/","title":{"rendered":"Loyalit\u00e4tsprogramm"},"content":{"rendered":"\n<div id=\"\" class=\"wp-block-sanatorija-section section section--beige section--spacing-64\"><div class=\"container\">\n<h2 class=\"wp-block-heading\">Loyalit\u00e4tsprogramm<\/h2>\n\n\n\n<div class=\"wp-block-columns is-layout-flex wp-container-core-columns-is-layout-9d6595d7 wp-block-columns-is-layout-flex\">\n<div class=\"wp-block-column is-layout-flow wp-block-column-is-layout-flow\" style=\"flex-basis:66.66%\">\n<p>Der Kunde, der immer wieder zum Kurzentrum zur\u00fcckkehrt, ist der beste Anreiz, um voranzukommen, hohe Qualit\u00e4t der Dienstleistungen und Bedienung aufrechtzuerhalten sowie nach neuen Wegen zur Verbesserung zu suchen. Treue Kunden brauchen keine Einf\u00fchrung in das Kurzentrum \u201eEgl\u0117s sanatorija\u201c. Sie kennen fast jede Ecke des Kurzentrums, Sie haben Ihre Lieblingsbehandlungen und, so glauben wir, entdecken Sie jedes Mal etwas Neues! Und wenn Sie ankommen, werden Sie von den Mitarbeitern begr\u00fc\u00dft, die Sie bereits kennen. Danke, dass Sie zusammen mit uns sind!<br><\/p>\n\n\n\n<p><strong>Ein treuer Kunde ist ein Kunde, <\/strong>der innerhalb von 36 Monaten das Kurzentrum \u201eEgl\u0117s sanatorija\u201c in Bir\u0161tonas und\/oder Druskininkai besucht hat und nicht zum ersten Mal das Kurzentrum in einem der Kurorte besucht:<\/p>\n<\/div>\n\n\n\n<div class=\"wp-block-column is-layout-flow wp-block-column-is-layout-flow\" style=\"flex-basis:33.33%\">\n<figure class=\"wp-block-image size-large\"><img loading=\"lazy\" decoding=\"async\" width=\"1024\" height=\"683\" src=\"https:\/\/sanatorija.lt\/app\/uploads\/2024\/02\/DS_1945-1024x683.jpg\" alt=\"\" class=\"wp-image-14468\" srcset=\"https:\/\/sanatorija.lt\/app\/uploads\/2024\/02\/DS_1945-1024x683.jpg 1024w, https:\/\/sanatorija.lt\/app\/uploads\/2024\/02\/DS_1945-300x200.jpg 300w, https:\/\/sanatorija.lt\/app\/uploads\/2024\/02\/DS_1945-768x512.jpg 768w, https:\/\/sanatorija.lt\/app\/uploads\/2024\/02\/DS_1945-500x333.jpg 500w, https:\/\/sanatorija.lt\/app\/uploads\/2024\/02\/DS_1945-800x534.jpg 800w, https:\/\/sanatorija.lt\/app\/uploads\/2024\/02\/DS_1945.jpg 1108w\" sizes=\"auto, (max-width: 1024px) 100vw, 1024px\" \/><\/figure>\n<\/div>\n<\/div>\n\n\n\n                <div class=\"announcements announcements--message announcements--brown\">\n                    <p>Die Vorteile des Treueprogramms werden gew\u00e4hrt, wenn Sie im Kurzentrum mit den Kur-, Wellness- und Behandlungsprogrammen ankommen und Dienstleistungen direkt kaufen. Bei Ank\u00fcnften mit Gutscheinen von Drittanbietern gelten keine zus\u00e4tzlichen Rabatte f\u00fcr Programme.<\/p>\n<p>In den Rehabilitationszentren sind nur die Vorteile des Treuprogramms g\u00fcltig, die unter den jeweiligen Treuestufen aufgef\u00fchrt sind.<\/p>\n                <\/div>\n\n                \n\n\n<div class=\"wp-block-group is-nowrap is-layout-flex wp-container-core-group-is-layout-ad2f72ca wp-block-group-is-layout-flex\"><\/div>\n\n\n\n        <div class=\"table--responsive-table\">\n            <table class=\"table table--simple table--full-width table--normal\">\n                <thead>\n                    <tr>\n                                                    <td><strong>Silberkunde sind<\/strong><\/td>\n                                            <\/tr>\n                <\/thead>\n                <tbody>\n                    \n                        <tr>\n                                                            <td>10% Rabatt auf alle Gesundheits- und Sch\u00f6nheitsbehandlungen.<\/td>\n                                                    <\/tr>\n\n                    \n                        <tr>\n                                                            <td>10 % Rabatt auf das gesamte Caf\u00e9-Men\u00fcsortiment (ausgenommen Alkohol).<\/td>\n                                                    <\/tr>\n\n                    \n                        <tr>\n                                                            <td>Vorrang in der Warteliste der Reservierungen bei hoher Besch\u00e4ftigung.<\/td>\n                                                    <\/tr>\n\n                                    <\/tbody>\n            <\/table>\n        <\/div>\n\n        \n        <div class=\"table--responsive-table\">\n            <table class=\"table table--simple table--full-width table--normal\">\n                <thead>\n                    <tr>\n                                                    <td><strong>Goldkunde sind<\/strong><\/td>\n                                            <\/tr>\n                <\/thead>\n                <tbody>\n                    \n                        <tr>\n                                                            <td>3 % Rabatt f\u00fcr Kurbehandlungsprogramme. Der Rabatt wird bei der Bestellung direkt auf der Website angewendet: sanatorija.lt (Rabatt wird bei der Ankunft an der Rezeption angewendet) oder per Telefon +370 313 60 220.<\/td>\n                                                    <\/tr>\n\n                    \n                        <tr>\n                                                            <td>3 % f\u00fcr Behandlungs-\/Wellnessprogramme und Abonnements f\u00fcr Rehabilitationszentren<\/td>\n                                                    <\/tr>\n\n                    \n                        <tr>\n                                                            <td>15 % Rabatt auf alle Wellness- und Beautybehandlungen in Medical SPA- und Reha-Zentren<\/td>\n                                                    <\/tr>\n\n                    \n                        <tr>\n                                                            <td>15 % Rabatt auf das gesamte Caf\u00e9-Men\u00fcsortiment (ausgenommen Alkohol).<\/td>\n                                                    <\/tr>\n\n                    \n                        <tr>\n                                                            <td>Vorrang in der Warteliste der Reservierungen bei hoher Besch\u00e4ftigung.<\/td>\n                                                    <\/tr>\n\n                    \n                        <tr>\n                                                            <td>Zus\u00e4tzliche Behandlung. Sie k\u00f6nnen aus Optionen w\u00e4hlen:\nMassage mit dem Ger\u00e4t  (Trockenmassage-Bad)\nParaffinbad f\u00fcr die H\u00e4nde\nSalzgrotte (Salzzimmer)\nBinaurale Entspannungstherapie<\/td>\n                                                    <\/tr>\n\n                                    <\/tbody>\n            <\/table>\n        <\/div>\n\n        \n        <div class=\"table--responsive-table\">\n            <table class=\"table table--simple table--full-width table--normal\">\n                <thead>\n                    <tr>\n                                                    <td><strong>Platinum-Kunde<\/strong><\/td>\n                                            <\/tr>\n                <\/thead>\n                <tbody>\n                    \n                        <tr>\n                                                            <td>5 % Rabatt auf Kurbehandlungsprogramme. Der Rabatt wird bei der Bestellung direkt auf der Website angewendet: sanatorija.lt (Rabatt wird bei der Ankunft an der Rezeption angewendet) oder per Telefon +370 313 60 220.<\/td>\n                                                    <\/tr>\n\n                    \n                        <tr>\n                                                            <td>5 % f\u00fcr Behandlungs-\/Wellnessprogramme und Abonnements f\u00fcr Rehabilitationszentren<\/td>\n                                                    <\/tr>\n\n                    \n                        <tr>\n                                                            <td>20 % Rabatt auf alle Wellness- und Beautybehandlungen in Medical SPA- und Reha-Zentren<\/td>\n                                                    <\/tr>\n\n                    \n                        <tr>\n                                                            <td>20 % Rabatt auf das gesamte Caf\u00e9-Men\u00fcsortiment (ausgenommen Alkohol).<\/td>\n                                                    <\/tr>\n\n                    \n                        <tr>\n                                                            <td>Vorrang in der Warteliste der Reservierungen bei hoher Besch\u00e4ftigung.<\/td>\n                                                    <\/tr>\n\n                    \n                        <tr>\n                                                            <td>Es gibt eine M\u00f6glichkeit zur Auswahl eines konkreten Zimmers (falls es nicht besetzt ist)<\/td>\n                                                    <\/tr>\n\n                    \n                        <tr>\n                                                            <td>K\u00f6stliches Geschenk der Saison bei der Ankunft.<\/td>\n                                                    <\/tr>\n\n                    \n                        <tr>\n                                                            <td>Zus\u00e4tzliche Behandlung. Sie k\u00f6nnen aus  Optionen w\u00e4hlen:\nMassage mit dem Ger\u00e4t  (Trockenmassage-Bad)\nParaffinbad f\u00fcr die H\u00e4nde\nSalzgrotte (Salzzimmer)\nBinaurale Entspannungstherapie<\/td>\n                                                    <\/tr>\n\n                                    <\/tbody>\n            <\/table>\n        <\/div>\n\n        \n        <div class=\"table--responsive-table\">\n            <table class=\"table table--simple table--full-width table--normal\">\n                <thead>\n                    <tr>\n                                                    <td><strong>Diamantkunde<\/strong><\/td>\n                                            <\/tr>\n                <\/thead>\n                <tbody>\n                    \n                        <tr>\n                                                            <td>10% Rabatt f\u00fcr Kurbehandlungsprogramme. Der Rabatt wird bei der Bestellung direkt auf der Website angewendet: sanatorija.lt (Rabatt wird bei der Ankunft an der Rezeption angewendet) oder per Telefon +370 313 60 220.<\/td>\n                                                    <\/tr>\n\n                    \n                        <tr>\n                                                            <td>10 % f\u00fcr Behandlungs-\/Wellnessprogramme und Abonnements f\u00fcr Rehabilitationszentren<\/td>\n                                                    <\/tr>\n\n                    \n                        <tr>\n                                                            <td>20 % Rabatt auf alle Wellness- und Beautybehandlungen in Medical SPA- und Reha-Zentren<\/td>\n                                                    <\/tr>\n\n                    \n                        <tr>\n                                                            <td>20 % Rabatt auf das gesamte Caf\u00e9-Men\u00fcsortiment (ausgenommen Alkohol).<\/td>\n                                                    <\/tr>\n\n                    \n                        <tr>\n                                                            <td>Vorrang in der Warteliste der Reservierungen bei hoher Besch\u00e4ftigung.<\/td>\n                                                    <\/tr>\n\n                    \n                        <tr>\n                                                            <td>Es gibt eine M\u00f6glichkeit zur Auswahl eines konkreten Zimmers (falls es nicht besetzt ist)<\/td>\n                                                    <\/tr>\n\n                    \n                        <tr>\n                                                            <td>K\u00f6stliches Geschenk der Saison bei der Ankunft.<\/td>\n                                                    <\/tr>\n\n                    \n                        <tr>\n                                                            <td>Zus\u00e4tzliche Behandlung. Sie k\u00f6nnen aus Optionen w\u00e4hlen:\nMassage mit dem Ger\u00e4t  (Trockenmassage-Bad)\nParaffinbad f\u00fcr die H\u00e4nde\nSalzgrotte (Salzzimmer)\nBinaurale Entspannungstherapie<\/td>\n                                                    <\/tr>\n\n                                    <\/tbody>\n            <\/table>\n        <\/div>\n\n        \n            <\/div><\/div>\n","protected":false},"excerpt":{"rendered":"","protected":false},"author":1,"featured_media":0,"parent":123,"menu_order":115,"comment_status":"closed","ping_status":"closed","template":"","meta":{"_acf_changed":false,"inline_featured_image":false,"footnotes":""},"class_list":["post-5596","page","type-page","status-publish","hentry"],"acf":[],"yoast_head":"<!-- This site is optimized with the Yoast SEO plugin v22.9 - https:\/\/yoast.com\/wordpress\/plugins\/seo\/ -->\n<title>Special\u016bs pasi\u016blymai lojaliems klientams | Egl\u0117s sanatorija<\/title>\n<meta name=\"description\" content=\"\u201eEgl\u0117s sanatorijos\u201c Bir\u0161tone pasi\u016blymai lojaliems klientams. Taikomos i\u0161skirtin\u0117s nuolaidos paslaugoms, teikiamos dovanos.\" \/>\n<meta name=\"robots\" content=\"index, follow, max-snippet:-1, max-image-preview:large, max-video-preview:-1\" \/>\n<link rel=\"canonical\" href=\"https:\/\/sanatorija.lt\/de\/birstonas\/lojalumo-programa\/\" \/>\n<meta property=\"og:locale\" content=\"de_DE\" \/>\n<meta property=\"og:type\" content=\"article\" \/>\n<meta property=\"og:title\" content=\"Special\u016bs pasi\u016blymai lojaliems klientams | Egl\u0117s sanatorija\" \/>\n<meta property=\"og:description\" content=\"\u201eEgl\u0117s sanatorijos\u201c Bir\u0161tone pasi\u016blymai lojaliems klientams. Taikomos i\u0161skirtin\u0117s nuolaidos paslaugoms, teikiamos dovanos.\" \/>\n<meta property=\"og:url\" content=\"https:\/\/sanatorija.lt\/de\/birstonas\/lojalumo-programa\/\" \/>\n<meta property=\"og:site_name\" content=\"Sanatorija\" \/>\n<meta property=\"article:publisher\" content=\"https:\/\/www.facebook.com\/eglessanatorija\/\" \/>\n<meta property=\"article:modified_time\" content=\"2025-04-28T12:11:24+00:00\" \/>\n<meta property=\"og:image\" content=\"https:\/\/sanatorija.lt\/app\/uploads\/2024\/02\/DS_1945-1024x683.jpg\" \/>\n<meta name=\"twitter:label1\" content=\"Est. reading time\" \/>\n\t<meta name=\"twitter:data1\" content=\"1 minute\" \/>\n<script type=\"application\/ld+json\" class=\"yoast-schema-graph\">{\"@context\":\"https:\/\/schema.org\",\"@graph\":[{\"@type\":\"WebPage\",\"@id\":\"https:\/\/sanatorija.lt\/de\/birstonas\/lojalumo-programa\/\",\"url\":\"https:\/\/sanatorija.lt\/de\/birstonas\/lojalumo-programa\/\",\"name\":\"Special\u016bs pasi\u016blymai lojaliems klientams | Egl\u0117s sanatorija\",\"isPartOf\":{\"@id\":\"https:\/\/sanatorija.lt\/de\/#website\"},\"primaryImageOfPage\":{\"@id\":\"https:\/\/sanatorija.lt\/de\/birstonas\/lojalumo-programa\/#primaryimage\"},\"image\":{\"@id\":\"https:\/\/sanatorija.lt\/de\/birstonas\/lojalumo-programa\/#primaryimage\"},\"thumbnailUrl\":\"https:\/\/sanatorija.lt\/app\/uploads\/2024\/02\/DS_1945-1024x683.jpg\",\"datePublished\":\"2023-03-13T12:01:46+00:00\",\"dateModified\":\"2025-04-28T12:11:24+00:00\",\"description\":\"\u201eEgl\u0117s sanatorijos\u201c Bir\u0161tone pasi\u016blymai lojaliems klientams. Taikomos i\u0161skirtin\u0117s nuolaidos paslaugoms, teikiamos dovanos.\",\"breadcrumb\":{\"@id\":\"https:\/\/sanatorija.lt\/de\/birstonas\/lojalumo-programa\/#breadcrumb\"},\"inLanguage\":\"de-DE\",\"potentialAction\":[{\"@type\":\"ReadAction\",\"target\":[\"https:\/\/sanatorija.lt\/de\/birstonas\/lojalumo-programa\/\"]}]},{\"@type\":\"ImageObject\",\"inLanguage\":\"de-DE\",\"@id\":\"https:\/\/sanatorija.lt\/de\/birstonas\/lojalumo-programa\/#primaryimage\",\"url\":\"https:\/\/sanatorija.lt\/app\/uploads\/2024\/02\/DS_1945-1024x683.jpg\",\"contentUrl\":\"https:\/\/sanatorija.lt\/app\/uploads\/2024\/02\/DS_1945-1024x683.jpg\"},{\"@type\":\"BreadcrumbList\",\"@id\":\"https:\/\/sanatorija.lt\/de\/birstonas\/lojalumo-programa\/#breadcrumb\",\"itemListElement\":[{\"@type\":\"ListItem\",\"position\":1,\"name\":\"Home\",\"item\":\"https:\/\/sanatorija.lt\/de\/\"},{\"@type\":\"ListItem\",\"position\":2,\"name\":\"Bir\u0161tonas\",\"item\":\"https:\/\/sanatorija.lt\/de\/birstonas\/\"},{\"@type\":\"ListItem\",\"position\":3,\"name\":\"Loyalit\u00e4tsprogramm\"}]},{\"@type\":\"WebSite\",\"@id\":\"https:\/\/sanatorija.lt\/de\/#website\",\"url\":\"https:\/\/sanatorija.lt\/de\/\",\"name\":\"Sanatorija\",\"description\":\"Egl\u0117s sanatorija\",\"publisher\":{\"@id\":\"https:\/\/sanatorija.lt\/de\/#organization\"},\"potentialAction\":[{\"@type\":\"SearchAction\",\"target\":{\"@type\":\"EntryPoint\",\"urlTemplate\":\"https:\/\/sanatorija.lt\/de\/?s={search_term_string}\"},\"query-input\":\"required name=search_term_string\"}],\"inLanguage\":\"de-DE\"},{\"@type\":\"Organization\",\"@id\":\"https:\/\/sanatorija.lt\/de\/#organization\",\"name\":\"Sanatorija\",\"url\":\"https:\/\/sanatorija.lt\/de\/\",\"logo\":{\"@type\":\"ImageObject\",\"inLanguage\":\"de-DE\",\"@id\":\"https:\/\/sanatorija.lt\/de\/#\/schema\/logo\/image\/\",\"url\":\"https:\/\/sanatorija.lt\/app\/uploads\/2023\/03\/main-logo.svg\",\"contentUrl\":\"https:\/\/sanatorija.lt\/app\/uploads\/2023\/03\/main-logo.svg\",\"width\":100,\"height\":81,\"caption\":\"Sanatorija\"},\"image\":{\"@id\":\"https:\/\/sanatorija.lt\/de\/#\/schema\/logo\/image\/\"},\"sameAs\":[\"https:\/\/www.facebook.com\/eglessanatorija\/\",\"https:\/\/lt.linkedin.com\/company\/medical-spa-egles-sanatorija\",\"https:\/\/www.instagram.com\/sanatorija\/\",\"https:\/\/www.youtube.com\/channel\/UC3p2-SDkLF83WXjBZMYXYtQ\"]}]}<\/script>\n<!-- \/ Yoast SEO plugin. -->","yoast_head_json":{"title":"Special\u016bs pasi\u016blymai lojaliems klientams | Egl\u0117s sanatorija","description":"\u201eEgl\u0117s sanatorijos\u201c Bir\u0161tone pasi\u016blymai lojaliems klientams. Taikomos i\u0161skirtin\u0117s nuolaidos paslaugoms, teikiamos dovanos.","robots":{"index":"index","follow":"follow","max-snippet":"max-snippet:-1","max-image-preview":"max-image-preview:large","max-video-preview":"max-video-preview:-1"},"canonical":"https:\/\/sanatorija.lt\/de\/birstonas\/lojalumo-programa\/","og_locale":"de_DE","og_type":"article","og_title":"Special\u016bs pasi\u016blymai lojaliems klientams | Egl\u0117s sanatorija","og_description":"\u201eEgl\u0117s sanatorijos\u201c Bir\u0161tone pasi\u016blymai lojaliems klientams. Taikomos i\u0161skirtin\u0117s nuolaidos paslaugoms, teikiamos dovanos.","og_url":"https:\/\/sanatorija.lt\/de\/birstonas\/lojalumo-programa\/","og_site_name":"Sanatorija","article_publisher":"https:\/\/www.facebook.com\/eglessanatorija\/","article_modified_time":"2025-04-28T12:11:24+00:00","og_image":[{"url":"https:\/\/sanatorija.lt\/app\/uploads\/2024\/02\/DS_1945-1024x683.jpg"}],"twitter_misc":{"Est. reading time":"1 minute"},"schema":{"@context":"https:\/\/schema.org","@graph":[{"@type":"WebPage","@id":"https:\/\/sanatorija.lt\/de\/birstonas\/lojalumo-programa\/","url":"https:\/\/sanatorija.lt\/de\/birstonas\/lojalumo-programa\/","name":"Special\u016bs pasi\u016blymai lojaliems klientams | Egl\u0117s sanatorija","isPartOf":{"@id":"https:\/\/sanatorija.lt\/de\/#website"},"primaryImageOfPage":{"@id":"https:\/\/sanatorija.lt\/de\/birstonas\/lojalumo-programa\/#primaryimage"},"image":{"@id":"https:\/\/sanatorija.lt\/de\/birstonas\/lojalumo-programa\/#primaryimage"},"thumbnailUrl":"https:\/\/sanatorija.lt\/app\/uploads\/2024\/02\/DS_1945-1024x683.jpg","datePublished":"2023-03-13T12:01:46+00:00","dateModified":"2025-04-28T12:11:24+00:00","description":"\u201eEgl\u0117s sanatorijos\u201c Bir\u0161tone pasi\u016blymai lojaliems klientams. Taikomos i\u0161skirtin\u0117s nuolaidos paslaugoms, teikiamos dovanos.","breadcrumb":{"@id":"https:\/\/sanatorija.lt\/de\/birstonas\/lojalumo-programa\/#breadcrumb"},"inLanguage":"de-DE","potentialAction":[{"@type":"ReadAction","target":["https:\/\/sanatorija.lt\/de\/birstonas\/lojalumo-programa\/"]}]},{"@type":"ImageObject","inLanguage":"de-DE","@id":"https:\/\/sanatorija.lt\/de\/birstonas\/lojalumo-programa\/#primaryimage","url":"https:\/\/sanatorija.lt\/app\/uploads\/2024\/02\/DS_1945-1024x683.jpg","contentUrl":"https:\/\/sanatorija.lt\/app\/uploads\/2024\/02\/DS_1945-1024x683.jpg"},{"@type":"BreadcrumbList","@id":"https:\/\/sanatorija.lt\/de\/birstonas\/lojalumo-programa\/#breadcrumb","itemListElement":[{"@type":"ListItem","position":1,"name":"Home","item":"https:\/\/sanatorija.lt\/de\/"},{"@type":"ListItem","position":2,"name":"Bir\u0161tonas","item":"https:\/\/sanatorija.lt\/de\/birstonas\/"},{"@type":"ListItem","position":3,"name":"Loyalit\u00e4tsprogramm"}]},{"@type":"WebSite","@id":"https:\/\/sanatorija.lt\/de\/#website","url":"https:\/\/sanatorija.lt\/de\/","name":"Sanatorija","description":"Egl\u0117s sanatorija","publisher":{"@id":"https:\/\/sanatorija.lt\/de\/#organization"},"potentialAction":[{"@type":"SearchAction","target":{"@type":"EntryPoint","urlTemplate":"https:\/\/sanatorija.lt\/de\/?s={search_term_string}"},"query-input":"required name=search_term_string"}],"inLanguage":"de-DE"},{"@type":"Organization","@id":"https:\/\/sanatorija.lt\/de\/#organization","name":"Sanatorija","url":"https:\/\/sanatorija.lt\/de\/","logo":{"@type":"ImageObject","inLanguage":"de-DE","@id":"https:\/\/sanatorija.lt\/de\/#\/schema\/logo\/image\/","url":"https:\/\/sanatorija.lt\/app\/uploads\/2023\/03\/main-logo.svg","contentUrl":"https:\/\/sanatorija.lt\/app\/uploads\/2023\/03\/main-logo.svg","width":100,"height":81,"caption":"Sanatorija"},"image":{"@id":"https:\/\/sanatorija.lt\/de\/#\/schema\/logo\/image\/"},"sameAs":["https:\/\/www.facebook.com\/eglessanatorija\/","https:\/\/lt.linkedin.com\/company\/medical-spa-egles-sanatorija","https:\/\/www.instagram.com\/sanatorija\/","https:\/\/www.youtube.com\/channel\/UC3p2-SDkLF83WXjBZMYXYtQ"]}]}},"_links":{"self":[{"href":"https:\/\/sanatorija.lt\/de\/wp-json\/wp\/v2\/pages\/5596","targetHints":{"allow":["GET"]}}],"collection":[{"href":"https:\/\/sanatorija.lt\/de\/wp-json\/wp\/v2\/pages"}],"about":[{"href":"https:\/\/sanatorija.lt\/de\/wp-json\/wp\/v2\/types\/page"}],"author":[{"embeddable":true,"href":"https:\/\/sanatorija.lt\/de\/wp-json\/wp\/v2\/users\/1"}],"replies":[{"embeddable":true,"href":"https:\/\/sanatorija.lt\/de\/wp-json\/wp\/v2\/comments?post=5596"}],"version-history":[{"count":1,"href":"https:\/\/sanatorija.lt\/de\/wp-json\/wp\/v2\/pages\/5596\/revisions"}],"predecessor-version":[{"id":68945,"href":"https:\/\/sanatorija.lt\/de\/wp-json\/wp\/v2\/pages\/5596\/revisions\/68945"}],"up":[{"embeddable":true,"href":"https:\/\/sanatorija.lt\/de\/wp-json\/wp\/v2\/pages\/123"}],"wp:attachment":[{"href":"https:\/\/sanatorija.lt\/de\/wp-json\/wp\/v2\/media?parent=5596"}],"curies":[{"name":"wp","href":"https:\/\/api.w.org\/{rel}","templated":true}]}}