{"id":14697,"date":"2023-03-13T12:46:16","date_gmt":"2023-03-13T12:46:16","guid":{"rendered":"https:\/\/sanatorija.lt\/druskininkai\/naujienos\/"},"modified":"2024-02-23T14:27:29","modified_gmt":"2024-02-23T14:27:29","slug":"naujienos","status":"publish","type":"page","link":"https:\/\/sanatorija.lt\/de\/druskininkai\/naujienos\/","title":{"rendered":"Nachricht"},"content":{"rendered":"\n                <div class=\"posts posts--full-list\">\n                    \n                    <div class=\"posts__container\">\n                        \n                            <div class=\"posts__item\">\n                                <a href=\"https:\/\/sanatorija.lt\/de\/rupinkis-savimi-siandien-megaukis-sveikata-rytoj-20-nuolaida-tik-sanatorijoje-gyvenantiems-sveciams\/\">\n                                    <div class=\"posts__item-image\">\n                                        <div class=\"posts__image\">\n                                            <img loading=\"lazy\" decoding=\"async\" width=\"800\" height=\"553\" src=\"https:\/\/sanatorija.lt\/app\/uploads\/2026\/01\/DS_2625-2037-x-1409-800x553.jpg\" class=\"attachment-tandemum-large size-tandemum-large wp-post-image\" alt=\"\" \/>                                        <\/div>\n                                    <\/div>\n\n                                    <h5 class=\"posts__item-title\">K\u00fcmmern Sie sich heute um sich \u2013 genie\u00dfen Sie morgen Ihre Gesundheit!<\/h5>\n\n                                    <div class=\"posts__item-excerpt\">\n                                        <p><!-- wp:paragraph --><\/p>\n<p><!-- wp:paragraph --><\/p>\n<p><strong>Gesundheit ist der gr\u00f6\u00dfte Schatz, den wir durch unsere t\u00e4glichen Entscheidungen pflegen k\u00f6nnen. <\/strong>Damit der morgige Tag leicht, voller Energie und Wohlbefinden wird, ist es wichtig, innezuhalten, durchzuatmen und sich Zeit f\u00fcr sich selbst zu nehmen. Genau deshalb l\u00e4dt das Kurzentrum <strong>\u201eEgl\u0117s Sanatorija\u201c<\/strong> Sie ein, nicht nur von Gesundheit zu tr\u00e4umen, sondern diese auch klug zu planen. Entscheiden Sie sich bereits heute f\u00fcr Erholung oder Kurbehandlungen in der Zukunft und nutzen Sie das SPEZIALANGEBOT F\u00dcR VORBESTELLUNGEN F\u00dcR G\u00c4STE DES KURZENTRUMS \u2013 eine\u00a0\u00a0\u00a0 wertvolle Investition in Ihr Wohlbefinden, Ihre Gesundheit und innere Balance.<\/p>\n<p><!-- \/wp:paragraph --><\/p>\n<p><!-- \/wp:paragraph --><\/p>\n                                    <\/div>\n\n                                    <div class=\"posts__item-excerpt posts__item-excerpt--mobile\">\n                                        Sveikata \u2013 did\u017eiausias turtas, kur\u012f galime puosel\u0117ti kasdieniais savo pasirinkimais. Ta\u010diau tam, kad rytojus b\u016bt\u0173 lengvas, kupinas energijos ir geros savijautos, reikia sustoti, atsikv\u0117pti ir skirti laiko sau. B\u016btent tod\u0117l \u201eEgl\u0117s sanatorija\u201c kvie\u010dia ne tik svajoti apie sveikatinim\u0105si, bet ir planuoti j\u012f i\u0161mintingai. Jau \u0161iandien apsispr\u0119skite d\u0117l poilsio ar sanatorinio gydymo ateityje ir pasinaudokite SPECIALIU I\u0160ANKSTINIO U\u017dSAKYMO PASI\u016aLYMU SANATORIJOJE VIE\u0160INTIEMS SVE\u010cIAMS \u2013 tai investicija \u012f j\u016bs\u0173 savijaut\u0105, sveikat\u0105 ir vidin\u0119 pusiausvyr\u0105.                                    <\/div>\n                                <\/a>\n                            <\/div>\n\n                            \n                            <div class=\"posts__item\">\n                                <a href=\"https:\/\/sanatorija.lt\/de\/informacija-apie-egles-sanatorijos-rekonstrukcija-druskininkuose\/\">\n                                    <div class=\"posts__item-image\">\n                                        <div class=\"posts__image\">\n                                            <img loading=\"lazy\" decoding=\"async\" width=\"800\" height=\"533\" src=\"https:\/\/sanatorija.lt\/app\/uploads\/2024\/11\/Egles-sanatorija-Druskininkuose-800x533.jpg\" class=\"attachment-tandemum-large size-tandemum-large wp-post-image\" alt=\"\" \/>                                        <\/div>\n                                    <\/div>\n\n                                    <h5 class=\"posts__item-title\">Informationen \u00fcber den Wiederaufbau des Kurzentrums &#8220;Egl\u0117s sanatorija&#8221; in Druskininkai<\/h5>\n\n                                    <div class=\"posts__item-excerpt\">\n                                        <p><strong>Das Kurzentrum \u201eEgl\u0117s sanatorija\u201c in Druskininkai beginnt mit wichtigen Umbauarbeiten, um das Erlebnis der Gesundheitsf\u00f6rderung f\u00fcr die Kunden zu verbessern.<\/strong> Die Modernisierung des gr\u00f6\u00dften Kurzentrums in Litauen umfasst die Einrichtung eines funktionellen Diagnoselabors, ein erweitertes Angebot an medizinischen Dienstleistungen, innovative Behandlungen, modernste medizinische Ausr\u00fcstung und neue Behandlungsprogramme f\u00fcr die Kunden. Das Kurzentrum wird f\u00fcr die Erbringung von Kurbehandlungen und medizinischen Dienstleistungen noch besser angepasst, wobei die Raumnutzung optimiert und ein h\u00f6heres Ma\u00df an Komfort f\u00fcr Menschen mit Mobilit\u00e4tsproblemen geschaffen wird. Und die Kapazit\u00e4t f\u00fcr medizinische Rehabilitationsleistungen und Kurbehandlungen wird sich um fast ein Drittel erh\u00f6hen!<\/p>\n                                    <\/div>\n\n                                    <div class=\"posts__item-excerpt posts__item-excerpt--mobile\">\n                                        \u201eEgl\u0117s sanatorija\u201c Druskininkuose pradeda svarbius rekonstrukcijos darbus, siekdama gerinti klient\u0173 sveikatinimo patirt\u012f. \u00a0Modernizavus \u0161i\u0105 did\u017eiausi\u0105 Lietuvoje sanatorij\u0105, bus \u012fkurta funkcin\u0117s diagnostikos laboratorija, bus i\u0161pl\u0117stas medicinini\u0173 paslaug\u0173 spektras, \u012fdiegtos inovatyvios proced\u016bros, naujausia medicinin\u0117 \u012franga, klientams pasi\u016blytos naujos gydymo programos. Sanatorija bus dar labiau pritaikyta sanatorinio gydymo ir medicinini\u0173 paslaug\u0173 teikimui, optimaliai i\u0161naudotos erdv\u0117s, u\u017etikrintas didesnis komforto lygis jud\u0117jimo problem\u0173 turintiems asmenims. O medicinin\u0117s reabilitacijos paslaug\u0173 ir sanatorinio gydymo proced\u016br\u0173 paj\u0117gumai i\u0161augs beveik tre\u010ddaliu!                                    <\/div>\n                                <\/a>\n                            <\/div>\n\n                            \n                            <div class=\"posts__item\">\n                                <a href=\"https:\/\/sanatorija.lt\/de\/vilniuje-ir-kaune-atidaryti-reabilitacijos-centrai-tes-ilgametes-sveikatinimo-tradicijas\/\">\n                                    <div class=\"posts__item-image\">\n                                        <div class=\"posts__image\">\n                                            <img loading=\"lazy\" decoding=\"async\" width=\"800\" height=\"533\" src=\"https:\/\/sanatorija.lt\/app\/uploads\/2024\/06\/Vertikalios-vonios-baseinas-800x533.jpg\" class=\"attachment-tandemum-large size-tandemum-large wp-post-image\" alt=\"\" \/>                                        <\/div>\n                                    <\/div>\n\n                                    <h5 class=\"posts__item-title\">In Vilnius und Kaunas er\u00f6ffnete Reha-Zentren werden die langj\u00e4hrigen Traditionen der Gesundheitsf\u00f6rderung fortsetzen<\/h5>\n\n                                    <div class=\"posts__item-excerpt\">\n                                        <p>In Vilnius, in der Hauptschlagader der Stadt und im Herzen von Kaunas haben dieses Jahr die Reha-Zentren \u201eEgl\u0117s reabilitacijos centrai\u201c die T\u00fcr er\u00f6ffnet. Und in Vilnius, im Komplex des Gesch\u00e4ftszentrums Core wird im Herbst beinahe 1000 qm gro\u00dfes au\u00dferordentliches Reha- und Welness-Zentrum er\u00f6ffnet. Das ist die Verbreitung der innerhalb von mehr als 50 Jahren gesammelten erfolgreichen Erfahrungen im Bereich der Kurbehandlung und Rehabilitation in die Gro\u00dfst\u00e4dte.<\/p>\n                                    <\/div>\n\n                                    <div class=\"posts__item-excerpt posts__item-excerpt--mobile\">\n                                        Vilniuje, pa\u010dioje miesto arterijoje bei Kauno miesto \u0161irdyje \u0161iais metais duris atv\u0117r\u0117 \u201eEgl\u0117s reabilitacijos centrai\u201c. O ruden\u012f Vilniuje, Core verslo centro komplekse bus atidarytas beveik 1000 kv. m. i\u0161skirtinis reabilitacijos ir sveikatingumo centras. Tai \u201eEgl\u0117s sanatorijos\u201c daugiau kaip 50 met\u0173 sukauptos s\u0117kmingos sanatorinio gydymo ir reabilitacijos patirties sklaida \u012f did\u017eiuosius miestus.                                    <\/div>\n                                <\/a>\n                            <\/div>\n\n                            \n                            <div class=\"posts__item\">\n                                <a href=\"https:\/\/sanatorija.lt\/de\/frueher-buchen-weniger-bezahlen\/\">\n                                    <div class=\"posts__item-image\">\n                                        <div class=\"posts__image\">\n                                            <img loading=\"lazy\" decoding=\"async\" width=\"800\" height=\"533\" src=\"https:\/\/sanatorija.lt\/app\/uploads\/gallery\/LRKisJz0gluy6zqg1SyLGPoQkF3j9iJctQdPbSdx-800x533.jpg\" class=\"attachment-tandemum-large size-tandemum-large wp-post-image\" alt=\"\" \/>                                        <\/div>\n                                    <\/div>\n\n                                    <h5 class=\"posts__item-title\">Fr\u00fcher buchen \u2013 weniger bezahlen!<\/h5>\n\n                                    <div class=\"posts__item-excerpt\">\n                                        <p>Wir m\u00fcssen uns das ganze Jahr \u00fcber um unsere Gesundheit k\u00fcmmern. Gesundheitsspezialisten empfehlen eine Kurbehandlung 2 Mal im Jahr. Denn es ist sinnlos zu warten, bis die Gesundheit anf\u00e4ngt zu versagen, bevor man versucht, sie zu retten. Sorgen Sie sich st\u00e4ndig f\u00fcr Ihre Gesundheit, wenn Sie sich auch in Zukunft ohne viel M\u00fche, Zeit und Aufwand perfekter Gesundheit erfreuen wollen. Sichern Sie sich den besten Preis, indem Sie Ihren Wellnessurlaub im Voraus planen. Wenn Sie Ihre Ankunft im Kurzentrum \u201eEgl\u0117s sanatorija\u201c 3 Monate oder mehr im Voraus buchen, garantieren wir Ihnen den niedrigsten Preis. In Gesundheit zu investieren ist eine der besten Investitionen!<\/p>\n                                    <\/div>\n\n                                    <div class=\"posts__item-excerpt posts__item-excerpt--mobile\">\n                                        Savo sveikata r\u016bpintis turime visus metus. Sveikatos specialistai rekomenduoja sanatorin\u012f gydym\u0105 2 kartus per metus. Mat laukti, kol sveikata ims \u0161lubuoti ir tik tada imti j\u0105 gelb\u0117ti \u2013 visai netikslinga. Puosel\u0117kite j\u0105 nuolat, jei norite be didelio vargo, laiko ir pastang\u0173 puikia sveikata d\u017eiaugtis ir ateityje. U\u017esitikrinkite geriausi\u0105 kain\u0105 planuodami savo sveikatingumo atostogas i\u0161 anksto. Rezervuodami atvykim\u0105 \u012f \u201eEgl\u0117s sanatorij\u0105\u201c prie\u0161 3 m\u0117nesius ar daugiau, garantuojame jums ma\u017eiausi\u0105 kain\u0105. Geriausia investicija \u2013 \u012f savo sveikat\u0105!                                    <\/div>\n                                <\/a>\n                            <\/div>\n\n                            \n                            <div class=\"posts__item\">\n                                <a href=\"https:\/\/sanatorija.lt\/de\/behandlungskarte-auf-ihrem-handy\/\">\n                                    <div class=\"posts__item-image\">\n                                        <div class=\"posts__image\">\n                                            <img loading=\"lazy\" decoding=\"async\" width=\"800\" height=\"600\" src=\"https:\/\/sanatorija.lt\/app\/uploads\/2023\/07\/19-800x600.png\" class=\"attachment-tandemum-large size-tandemum-large wp-post-image\" alt=\"\" \/>                                        <\/div>\n                                    <\/div>\n\n                                    <h5 class=\"posts__item-title\">Behandlungskarte \u2013 auf Ihrem Handy!<\/h5>\n\n                                    <div class=\"posts__item-excerpt\">\n                                        <p>Wir waren die erste Einrichtung f\u00fcr Gesundheitsf\u00f6rderung in Litauen, die eine mobile App f\u00fcr Kunden eingef\u00fchrt hat, die das Kurzentrum besuchen. Probieren Sie sie selbst aus! Wenn Sie die mobile App des Kurzentrums \u201eEgl\u0117s sanatorija\u201c herunterladen, brauchen Sie keine Behandlungskarte mehr in Papierform mit sich zu f\u00fchren &#8211; Sie haben alle Informationen auf Ihrem Smartphone. <\/p>\n                                    <\/div>\n\n                                    <div class=\"posts__item-excerpt posts__item-excerpt--mobile\">\n                                        Sanatorija \u2013 nuolatiniame tobul\u0117jimo procese: \u010dia investuojama \u012f naujausi\u0105 medicinin\u0119 \u012frang\u0105, darbuotoj\u0173 mokymus, inovatyvius sprendimus, pad\u0117sian\u010dius kurti sklandesn\u012f darb\u0105. Mes pirmieji Lietuvoje i\u0161 sveikatinimo organizacij\u0173 pristat\u0117me mobili\u0105j\u0105 program\u0117l\u0119, skirt\u0105 \u012f sanatorij\u0105 atvykusiems klientams. I\u0161bandykite ir j\u016bs!                                    <\/div>\n                                <\/a>\n                            <\/div>\n\n                            \n                            <div class=\"posts__item\">\n                                <a href=\"https:\/\/sanatorija.lt\/de\/neurowissenschaftler-dr-k-skauminas-wir-muessen-das-lebenstempo-verlangsamen\/\">\n                                    <div class=\"posts__item-image\">\n                                        <div class=\"posts__image\">\n                                            <img loading=\"lazy\" decoding=\"async\" width=\"800\" height=\"533\" src=\"https:\/\/sanatorija.lt\/app\/uploads\/2023\/07\/Sumazinta-1-800x533.jpg\" class=\"attachment-tandemum-large size-tandemum-large wp-post-image\" alt=\"\" \/>                                        <\/div>\n                                    <\/div>\n\n                                    <h5 class=\"posts__item-title\">Neurowissenschaftler Dr. K. Skauminas: \u201eWir m\u00fcssen das Lebenstempo verlangsamen\u201c<\/h5>\n\n                                    <div class=\"posts__item-excerpt\">\n                                        <p>Immer mehr Menschen, die ein aktive Leben fhren, leiden an einer \u00dcberlastung des Nervensystems, die zu chronischer M\u00fcdigkeit f\u00fchrt und die ihre Wurzeln im modernen sozialen Umfeld hat. Burnout bei der Arbeit wird zu einem ernsten Problem. Wie kann man es verhindern?<\/p>\n                                    <\/div>\n\n                                    <div class=\"posts__item-excerpt posts__item-excerpt--mobile\">\n                                        Vis daugiau aktyviai gyvenan\u010di\u0173 \u017emoni\u0173 ken\u010dia nuo nerv\u0173 sistemos pervargimo, vedan\u010dio \u012f l\u0117tin\u012f nuovarg\u012f, kurio u\u017euomazgos slypi \u0161iuolaikin\u0117je socialin\u0117je aplinkoje. Rimta problema tampa perdegimas darbe. Kaip jam u\u017ekirsti keli\u0105?                                    <\/div>\n                                <\/a>\n                            <\/div>\n\n                                                <\/div>\n\n                    \n                    \n            <div class=\"pagination\">\n                <a\n                    href=\"https:\/\/sanatorija.lt\/de\/wp-json\/wp\/v2\/pages\/14697\/\"\n                    class=\"pagination__button pagination__button-prev pagination__button--disabled\"\n                    title=\"Fr\u00fchere Ergebnisse\">\n\n                    <span class=\"pagination__button-icon icon-arrow-large-left\"><\/span>\n                <\/a>\n\n                \n                    <a\n                        href=\"https:\/\/sanatorija.lt\/de\/wp-json\/wp\/v2\/pages\/14697\/\"\n                        class=\"pagination__page-number pagination__page-number--current\">\n                        1                    <\/a>\n\n                    \n                    <a\n                        href=\"https:\/\/sanatorija.lt\/de\/wp-json\/wp\/v2\/pages\/14697\/page\/2\/\"\n                        class=\"pagination__page-number\">\n                        2                    <\/a>\n\n                    \n                <a\n                    href=\"https:\/\/sanatorija.lt\/de\/wp-json\/wp\/v2\/pages\/14697\/page\/2\/\"\n                    class=\"pagination__button pagination__button-next\"\n                    title=\"N\u00e4chste Ergebnisse\">\n\n                    <span class=\"pagination__button-icon icon-arrow-large-right\"><\/span>\n                <\/a>\n            <\/div>\n\n            \n                <\/div>\n\n                ","protected":false},"excerpt":{"rendered":"","protected":false},"author":1,"featured_media":0,"parent":131,"menu_order":18,"comment_status":"closed","ping_status":"closed","template":"template-page-with-header.blade.php","meta":{"_acf_changed":false,"inline_featured_image":false,"footnotes":""},"class_list":["post-14697","page","type-page","status-publish","hentry"],"acf":[],"yoast_head":"<!-- This site is optimized with the Yoast SEO plugin v22.9 - https:\/\/yoast.com\/wordpress\/plugins\/seo\/ -->\n<title>Nachricht - Sanatorija<\/title>\n<meta name=\"robots\" content=\"index, follow, max-snippet:-1, max-image-preview:large, max-video-preview:-1\" \/>\n<link rel=\"canonical\" href=\"https:\/\/sanatorija.lt\/de\/druskininkai\/naujienos\/\" \/>\n<meta property=\"og:locale\" content=\"de_DE\" \/>\n<meta property=\"og:type\" content=\"article\" \/>\n<meta property=\"og:title\" content=\"Nachricht - Sanatorija\" \/>\n<meta property=\"og:url\" content=\"https:\/\/sanatorija.lt\/de\/druskininkai\/naujienos\/\" \/>\n<meta property=\"og:site_name\" content=\"Sanatorija\" \/>\n<meta property=\"article:publisher\" content=\"https:\/\/www.facebook.com\/eglessanatorija\/\" \/>\n<meta property=\"article:modified_time\" content=\"2024-02-23T14:27:29+00:00\" \/>\n<script type=\"application\/ld+json\" class=\"yoast-schema-graph\">{\"@context\":\"https:\/\/schema.org\",\"@graph\":[{\"@type\":\"WebPage\",\"@id\":\"https:\/\/sanatorija.lt\/de\/druskininkai\/naujienos\/\",\"url\":\"https:\/\/sanatorija.lt\/de\/druskininkai\/naujienos\/\",\"name\":\"Nachricht - Sanatorija\",\"isPartOf\":{\"@id\":\"https:\/\/sanatorija.lt\/de\/#website\"},\"datePublished\":\"2023-03-13T12:46:16+00:00\",\"dateModified\":\"2024-02-23T14:27:29+00:00\",\"breadcrumb\":{\"@id\":\"https:\/\/sanatorija.lt\/de\/druskininkai\/naujienos\/#breadcrumb\"},\"inLanguage\":\"de-DE\",\"potentialAction\":[{\"@type\":\"ReadAction\",\"target\":[\"https:\/\/sanatorija.lt\/de\/druskininkai\/naujienos\/\"]}]},{\"@type\":\"BreadcrumbList\",\"@id\":\"https:\/\/sanatorija.lt\/de\/druskininkai\/naujienos\/#breadcrumb\",\"itemListElement\":[{\"@type\":\"ListItem\",\"position\":1,\"name\":\"Home\",\"item\":\"https:\/\/sanatorija.lt\/de\/\"},{\"@type\":\"ListItem\",\"position\":2,\"name\":\"Druskininkai\",\"item\":\"https:\/\/sanatorija.lt\/de\/druskininkai\/\"},{\"@type\":\"ListItem\",\"position\":3,\"name\":\"Nachricht\"}]},{\"@type\":\"WebSite\",\"@id\":\"https:\/\/sanatorija.lt\/de\/#website\",\"url\":\"https:\/\/sanatorija.lt\/de\/\",\"name\":\"Sanatorija\",\"description\":\"Egl\u0117s sanatorija\",\"publisher\":{\"@id\":\"https:\/\/sanatorija.lt\/de\/#organization\"},\"potentialAction\":[{\"@type\":\"SearchAction\",\"target\":{\"@type\":\"EntryPoint\",\"urlTemplate\":\"https:\/\/sanatorija.lt\/de\/?s={search_term_string}\"},\"query-input\":\"required name=search_term_string\"}],\"inLanguage\":\"de-DE\"},{\"@type\":\"Organization\",\"@id\":\"https:\/\/sanatorija.lt\/de\/#organization\",\"name\":\"Sanatorija\",\"url\":\"https:\/\/sanatorija.lt\/de\/\",\"logo\":{\"@type\":\"ImageObject\",\"inLanguage\":\"de-DE\",\"@id\":\"https:\/\/sanatorija.lt\/de\/#\/schema\/logo\/image\/\",\"url\":\"https:\/\/sanatorija.lt\/app\/uploads\/2023\/03\/main-logo.svg\",\"contentUrl\":\"https:\/\/sanatorija.lt\/app\/uploads\/2023\/03\/main-logo.svg\",\"width\":100,\"height\":81,\"caption\":\"Sanatorija\"},\"image\":{\"@id\":\"https:\/\/sanatorija.lt\/de\/#\/schema\/logo\/image\/\"},\"sameAs\":[\"https:\/\/www.facebook.com\/eglessanatorija\/\",\"https:\/\/lt.linkedin.com\/company\/medical-spa-egles-sanatorija\",\"https:\/\/www.instagram.com\/sanatorija\/\",\"https:\/\/www.youtube.com\/channel\/UC3p2-SDkLF83WXjBZMYXYtQ\"]}]}<\/script>\n<!-- \/ Yoast SEO plugin. -->","yoast_head_json":{"title":"Nachricht - Sanatorija","robots":{"index":"index","follow":"follow","max-snippet":"max-snippet:-1","max-image-preview":"max-image-preview:large","max-video-preview":"max-video-preview:-1"},"canonical":"https:\/\/sanatorija.lt\/de\/druskininkai\/naujienos\/","og_locale":"de_DE","og_type":"article","og_title":"Nachricht - Sanatorija","og_url":"https:\/\/sanatorija.lt\/de\/druskininkai\/naujienos\/","og_site_name":"Sanatorija","article_publisher":"https:\/\/www.facebook.com\/eglessanatorija\/","article_modified_time":"2024-02-23T14:27:29+00:00","schema":{"@context":"https:\/\/schema.org","@graph":[{"@type":"WebPage","@id":"https:\/\/sanatorija.lt\/de\/druskininkai\/naujienos\/","url":"https:\/\/sanatorija.lt\/de\/druskininkai\/naujienos\/","name":"Nachricht - Sanatorija","isPartOf":{"@id":"https:\/\/sanatorija.lt\/de\/#website"},"datePublished":"2023-03-13T12:46:16+00:00","dateModified":"2024-02-23T14:27:29+00:00","breadcrumb":{"@id":"https:\/\/sanatorija.lt\/de\/druskininkai\/naujienos\/#breadcrumb"},"inLanguage":"de-DE","potentialAction":[{"@type":"ReadAction","target":["https:\/\/sanatorija.lt\/de\/druskininkai\/naujienos\/"]}]},{"@type":"BreadcrumbList","@id":"https:\/\/sanatorija.lt\/de\/druskininkai\/naujienos\/#breadcrumb","itemListElement":[{"@type":"ListItem","position":1,"name":"Home","item":"https:\/\/sanatorija.lt\/de\/"},{"@type":"ListItem","position":2,"name":"Druskininkai","item":"https:\/\/sanatorija.lt\/de\/druskininkai\/"},{"@type":"ListItem","position":3,"name":"Nachricht"}]},{"@type":"WebSite","@id":"https:\/\/sanatorija.lt\/de\/#website","url":"https:\/\/sanatorija.lt\/de\/","name":"Sanatorija","description":"Egl\u0117s sanatorija","publisher":{"@id":"https:\/\/sanatorija.lt\/de\/#organization"},"potentialAction":[{"@type":"SearchAction","target":{"@type":"EntryPoint","urlTemplate":"https:\/\/sanatorija.lt\/de\/?s={search_term_string}"},"query-input":"required name=search_term_string"}],"inLanguage":"de-DE"},{"@type":"Organization","@id":"https:\/\/sanatorija.lt\/de\/#organization","name":"Sanatorija","url":"https:\/\/sanatorija.lt\/de\/","logo":{"@type":"ImageObject","inLanguage":"de-DE","@id":"https:\/\/sanatorija.lt\/de\/#\/schema\/logo\/image\/","url":"https:\/\/sanatorija.lt\/app\/uploads\/2023\/03\/main-logo.svg","contentUrl":"https:\/\/sanatorija.lt\/app\/uploads\/2023\/03\/main-logo.svg","width":100,"height":81,"caption":"Sanatorija"},"image":{"@id":"https:\/\/sanatorija.lt\/de\/#\/schema\/logo\/image\/"},"sameAs":["https:\/\/www.facebook.com\/eglessanatorija\/","https:\/\/lt.linkedin.com\/company\/medical-spa-egles-sanatorija","https:\/\/www.instagram.com\/sanatorija\/","https:\/\/www.youtube.com\/channel\/UC3p2-SDkLF83WXjBZMYXYtQ"]}]}},"_links":{"self":[{"href":"https:\/\/sanatorija.lt\/de\/wp-json\/wp\/v2\/pages\/14697","targetHints":{"allow":["GET"]}}],"collection":[{"href":"https:\/\/sanatorija.lt\/de\/wp-json\/wp\/v2\/pages"}],"about":[{"href":"https:\/\/sanatorija.lt\/de\/wp-json\/wp\/v2\/types\/page"}],"author":[{"embeddable":true,"href":"https:\/\/sanatorija.lt\/de\/wp-json\/wp\/v2\/users\/1"}],"replies":[{"embeddable":true,"href":"https:\/\/sanatorija.lt\/de\/wp-json\/wp\/v2\/comments?post=14697"}],"version-history":[{"count":0,"href":"https:\/\/sanatorija.lt\/de\/wp-json\/wp\/v2\/pages\/14697\/revisions"}],"up":[{"embeddable":true,"href":"https:\/\/sanatorija.lt\/de\/wp-json\/wp\/v2\/pages\/131"}],"wp:attachment":[{"href":"https:\/\/sanatorija.lt\/de\/wp-json\/wp\/v2\/media?parent=14697"}],"curies":[{"name":"wp","href":"https:\/\/api.w.org\/{rel}","templated":true}]}}